{"id":146,"date":"2024-02-23T12:56:00","date_gmt":"2024-02-23T09:56:00","guid":{"rendered":"https:\/\/timgrup.org\/?page_id=146"},"modified":"2024-03-22T13:23:28","modified_gmt":"2024-03-22T10:23:28","slug":"instagram","status":"publish","type":"page","link":"https:\/\/timgrup.org\/?page_id=146","title":{"rendered":"Instagram"},"content":{"rendered":"","protected":false},"excerpt":{"rendered":"","protected":false},"author":1,"featured_media":0,"parent":0,"menu_order":0,"comment_status":"closed","ping_status":"closed","template":"","meta":{"saved_in_kubio":true,"footnotes":""},"class_list":["post-146","page","type-page","status-publish","hentry"],"kubio_ai_page_context":{"short_desc":"","purpose":"general"},"yoast_head":"<!-- This site is optimized with the Yoast SEO plugin v22.2 - https:\/\/yoast.com\/wordpress\/plugins\/seo\/ -->\n<title>Instagram - Tim Grup Elektr\u0130k<\/title>\n<meta name=\"robots\" content=\"index, follow, max-snippet:-1, max-image-preview:large, max-video-preview:-1\" \/>\n<link rel=\"canonical\" href=\"https:\/\/timgrup.org\/?page_id=146\" \/>\n<meta property=\"og:locale\" content=\"tr_TR\" \/>\n<meta property=\"og:type\" content=\"article\" \/>\n<meta property=\"og:title\" content=\"Instagram - Tim Grup Elektr\u0130k\" \/>\n<meta property=\"og:url\" content=\"https:\/\/timgrup.org\/?page_id=146\" \/>\n<meta property=\"og:site_name\" content=\"Tim Grup Elektr\u0130k\" \/>\n<meta property=\"article:modified_time\" content=\"2024-03-22T10:23:28+00:00\" \/>\n<meta name=\"twitter:card\" content=\"summary_large_image\" \/>\n<meta name=\"twitter:label1\" content=\"Tahmini okuma s\u00fcresi\" \/>\n\t<meta name=\"twitter:data1\" content=\"1 dakika\" \/>\n<script type=\"application\/ld+json\" class=\"yoast-schema-graph\">{\"@context\":\"https:\/\/schema.org\",\"@graph\":[{\"@type\":\"WebPage\",\"@id\":\"https:\/\/timgrup.org\/?page_id=146\",\"url\":\"https:\/\/timgrup.org\/?page_id=146\",\"name\":\"Instagram - Tim Grup Elektr\u0130k\",\"isPartOf\":{\"@id\":\"https:\/\/timgrup.org\/#website\"},\"datePublished\":\"2024-02-23T09:56:00+00:00\",\"dateModified\":\"2024-03-22T10:23:28+00:00\",\"breadcrumb\":{\"@id\":\"https:\/\/timgrup.org\/?page_id=146#breadcrumb\"},\"inLanguage\":\"tr\",\"potentialAction\":[{\"@type\":\"ReadAction\",\"target\":[\"https:\/\/timgrup.org\/?page_id=146\"]}]},{\"@type\":\"BreadcrumbList\",\"@id\":\"https:\/\/timgrup.org\/?page_id=146#breadcrumb\",\"itemListElement\":[{\"@type\":\"ListItem\",\"position\":1,\"name\":\"Anasayfa\",\"item\":\"https:\/\/timgrup.org\/\"},{\"@type\":\"ListItem\",\"position\":2,\"name\":\"Instagram\"}]},{\"@type\":\"WebSite\",\"@id\":\"https:\/\/timgrup.org\/#website\",\"url\":\"https:\/\/timgrup.org\/\",\"name\":\"Tim Grup Elektrik\",\"description\":\"Gelece\u011fi Ayd\u0131nlat\u0131yoruz!.\",\"publisher\":{\"@id\":\"https:\/\/timgrup.org\/#organization\"},\"potentialAction\":[{\"@type\":\"SearchAction\",\"target\":{\"@type\":\"EntryPoint\",\"urlTemplate\":\"https:\/\/timgrup.org\/?s={search_term_string}\"},\"query-input\":\"required name=search_term_string\"}],\"inLanguage\":\"tr\"},{\"@type\":\"Organization\",\"@id\":\"https:\/\/timgrup.org\/#organization\",\"name\":\"Tim Grup Elektrik\",\"url\":\"https:\/\/timgrup.org\/\",\"logo\":{\"@type\":\"ImageObject\",\"inLanguage\":\"tr\",\"@id\":\"https:\/\/timgrup.org\/#\/schema\/logo\/image\/\",\"url\":\"https:\/\/timgrup.org\/wp-content\/uploads\/2024\/02\/WhatsApp-Image-2024-02-20-at-7.31.03-PM-e1708453918469.jpeg\",\"contentUrl\":\"https:\/\/timgrup.org\/wp-content\/uploads\/2024\/02\/WhatsApp-Image-2024-02-20-at-7.31.03-PM-e1708453918469.jpeg\",\"width\":738,\"height\":408,\"caption\":\"Tim Grup Elektrik\"},\"image\":{\"@id\":\"https:\/\/timgrup.org\/#\/schema\/logo\/image\/\"},\"sameAs\":[\"https:\/\/www.instagram.com\/timgrupelektrik_turgaykara\",\"https:\/\/www.youtube.com\/@timgrupelektrik2217\"]}]}<\/script>\n<!-- \/ Yoast SEO plugin. -->","yoast_head_json":{"title":"Instagram - Tim Grup Elektr\u0130k","robots":{"index":"index","follow":"follow","max-snippet":"max-snippet:-1","max-image-preview":"max-image-preview:large","max-video-preview":"max-video-preview:-1"},"canonical":"https:\/\/timgrup.org\/?page_id=146","og_locale":"tr_TR","og_type":"article","og_title":"Instagram - Tim Grup Elektr\u0130k","og_url":"https:\/\/timgrup.org\/?page_id=146","og_site_name":"Tim Grup Elektr\u0130k","article_modified_time":"2024-03-22T10:23:28+00:00","twitter_card":"summary_large_image","twitter_misc":{"Tahmini okuma s\u00fcresi":"1 dakika"},"schema":{"@context":"https:\/\/schema.org","@graph":[{"@type":"WebPage","@id":"https:\/\/timgrup.org\/?page_id=146","url":"https:\/\/timgrup.org\/?page_id=146","name":"Instagram - Tim Grup Elektr\u0130k","isPartOf":{"@id":"https:\/\/timgrup.org\/#website"},"datePublished":"2024-02-23T09:56:00+00:00","dateModified":"2024-03-22T10:23:28+00:00","breadcrumb":{"@id":"https:\/\/timgrup.org\/?page_id=146#breadcrumb"},"inLanguage":"tr","potentialAction":[{"@type":"ReadAction","target":["https:\/\/timgrup.org\/?page_id=146"]}]},{"@type":"BreadcrumbList","@id":"https:\/\/timgrup.org\/?page_id=146#breadcrumb","itemListElement":[{"@type":"ListItem","position":1,"name":"Anasayfa","item":"https:\/\/timgrup.org\/"},{"@type":"ListItem","position":2,"name":"Instagram"}]},{"@type":"WebSite","@id":"https:\/\/timgrup.org\/#website","url":"https:\/\/timgrup.org\/","name":"Tim Grup Elektrik","description":"Gelece\u011fi Ayd\u0131nlat\u0131yoruz!.","publisher":{"@id":"https:\/\/timgrup.org\/#organization"},"potentialAction":[{"@type":"SearchAction","target":{"@type":"EntryPoint","urlTemplate":"https:\/\/timgrup.org\/?s={search_term_string}"},"query-input":"required name=search_term_string"}],"inLanguage":"tr"},{"@type":"Organization","@id":"https:\/\/timgrup.org\/#organization","name":"Tim Grup Elektrik","url":"https:\/\/timgrup.org\/","logo":{"@type":"ImageObject","inLanguage":"tr","@id":"https:\/\/timgrup.org\/#\/schema\/logo\/image\/","url":"https:\/\/timgrup.org\/wp-content\/uploads\/2024\/02\/WhatsApp-Image-2024-02-20-at-7.31.03-PM-e1708453918469.jpeg","contentUrl":"https:\/\/timgrup.org\/wp-content\/uploads\/2024\/02\/WhatsApp-Image-2024-02-20-at-7.31.03-PM-e1708453918469.jpeg","width":738,"height":408,"caption":"Tim Grup Elektrik"},"image":{"@id":"https:\/\/timgrup.org\/#\/schema\/logo\/image\/"},"sameAs":["https:\/\/www.instagram.com\/timgrupelektrik_turgaykara","https:\/\/www.youtube.com\/@timgrupelektrik2217"]}]}},"_links":{"self":[{"href":"https:\/\/timgrup.org\/index.php?rest_route=\/wp\/v2\/pages\/146","targetHints":{"allow":["GET"]}}],"collection":[{"href":"https:\/\/timgrup.org\/index.php?rest_route=\/wp\/v2\/pages"}],"about":[{"href":"https:\/\/timgrup.org\/index.php?rest_route=\/wp\/v2\/types\/page"}],"author":[{"embeddable":true,"href":"https:\/\/timgrup.org\/index.php?rest_route=\/wp\/v2\/users\/1"}],"replies":[{"embeddable":true,"href":"https:\/\/timgrup.org\/index.php?rest_route=%2Fwp%2Fv2%2Fcomments&post=146"}],"version-history":[{"count":9,"href":"https:\/\/timgrup.org\/index.php?rest_route=\/wp\/v2\/pages\/146\/revisions"}],"predecessor-version":[{"id":524,"href":"https:\/\/timgrup.org\/index.php?rest_route=\/wp\/v2\/pages\/146\/revisions\/524"}],"wp:attachment":[{"href":"https:\/\/timgrup.org\/index.php?rest_route=%2Fwp%2Fv2%2Fmedia&parent=146"}],"curies":[{"name":"wp","href":"https:\/\/api.w.org\/{rel}","templated":true}]}}